{"id":6901,"date":"2024-03-29T12:38:59","date_gmt":"2024-03-29T12:38:59","guid":{"rendered":"https:\/\/www.medigate.work\/?page_id=6901"},"modified":"2025-10-17T12:51:24","modified_gmt":"2025-10-17T12:51:24","slug":"aerztevermittlung-fuer-deutschland","status":"publish","type":"page","link":"https:\/\/www.medigate.work\/de\/ueber-uns\/aerztevermittlung-fuer-deutschland\/","title":{"rendered":"\u00c4rztevermittlung f\u00fcr Deutschland"},"content":{"rendered":"<p>[et_pb_section fb_built=&#8221;1&#8243; custom_padding_last_edited=&#8221;on|desktop&#8221; admin_label=&#8221;Hero&#8221; _builder_version=&#8221;4.21.0&#8243; use_background_color_gradient=&#8221;on&#8221; background_color_gradient_stops=&#8221;rgba(49,128,192,0.2) 0%|rgba(49,128,192,0.6) 100%&#8221; background_color_gradient_overlays_image=&#8221;on&#8221; background_color_gradient_start=&#8221;rgba(49,128,192,0.2)&#8221; background_color_gradient_end=&#8221;rgba(49,128,192,0.6)&#8221; background_image=&#8221;https:\/\/www.medigate.work\/wp-content\/uploads\/2023\/06\/CTA-Image-01.webp&#8221; custom_margin=&#8221;|5vw||&#8221; custom_margin_tablet=&#8221;&#8221; custom_margin_phone=&#8221;|3vw|||false|false&#8221; custom_margin_last_edited=&#8221;on|phone&#8221; custom_padding=&#8221;3vw||3vw||true|false&#8221; custom_padding_tablet=&#8221;100px||100px|&#8221; custom_padding_phone=&#8221;50px||50px||true|false&#8221; animation_style=&#8221;slide&#8221; animation_direction=&#8221;left&#8221; animation_intensity_slide=&#8221;5%&#8221; border_radii=&#8221;|||30vw|&#8221; border_color_all=&#8221;#008580&#8243; border_width_right=&#8221;2vw&#8221; box_shadow_style=&#8221;preset4&#8243; box_shadow_horizontal=&#8221;20px&#8221; box_shadow_vertical=&#8221;0px&#8221; box_shadow_color=&#8221;#E3E0CF&#8221; global_colors_info=&#8221;{}&#8221;][et_pb_row _builder_version=&#8221;4.16&#8243; max_width=&#8221;none&#8221; custom_margin=&#8221;2vw|auto||auto||&#8221; custom_margin_tablet=&#8221;0vw||&#8221; custom_margin_last_edited=&#8221;off|desktop&#8221; custom_padding=&#8221;0px||0px||true&#8221; mix_blend_mode=&#8221;overlay&#8221; locked=&#8221;off&#8221; global_colors_info=&#8221;{}&#8221;][et_pb_column type=&#8221;4_4&#8243; _builder_version=&#8221;4.16&#8243; global_colors_info=&#8221;{}&#8221;][et_pb_text _builder_version=&#8221;4.20.2&#8243; text_font=&#8221;||||||||&#8221; header_font=&#8221;||||||||&#8221; header_2_font=&#8221;Roboto|800||on|||||&#8221; header_2_font_size=&#8221;5vw&#8221; header_2_letter_spacing=&#8221;0.7em&#8221; background_enable_image=&#8221;off&#8221; background_size=&#8221;contain&#8221; transform_scale_tablet=&#8221;&#8221; transform_scale_phone=&#8221;&#8221; transform_scale_last_edited=&#8221;on|desktop&#8221; transform_translate=&#8221;4em|0px&#8221; transform_translate_tablet=&#8221;&#8221; transform_translate_phone=&#8221;0em|0px&#8221; transform_translate_last_edited=&#8221;on|desktop&#8221; transform_translate_linked=&#8221;off&#8221; transform_rotate_tablet=&#8221;&#8221; transform_rotate_phone=&#8221;&#8221; transform_rotate_last_edited=&#8221;on|desktop&#8221; transform_skew_tablet=&#8221;&#8221; transform_skew_phone=&#8221;&#8221; transform_skew_last_edited=&#8221;on|desktop&#8221; transform_origin_tablet=&#8221;&#8221; transform_origin_phone=&#8221;&#8221; transform_origin_last_edited=&#8221;on|desktop&#8221; transform_styles_last_edited=&#8221;on|desktop&#8221; text_orientation=&#8221;center&#8221; background_layout=&#8221;dark&#8221; custom_margin_tablet=&#8221;&#8221; custom_margin_phone=&#8221;-40px||||false|false&#8221; custom_margin_last_edited=&#8221;on|phone&#8221; filter_opacity=&#8221;11%&#8221; header_2_font_size_tablet=&#8221;6vw&#8221; header_2_font_size_phone=&#8221;5vw&#8221; header_2_font_size_last_edited=&#8221;on|tablet&#8221; transform_styles_tablet=&#8221;&#8221; transform_styles_phone=&#8221;&#8221; header_2_text_shadow_style=&#8221;preset3&#8243; header_2_text_shadow_color=&#8221;#000000&#8243; text_text_align=&#8221;center&#8221; global_colors_info=&#8221;{}&#8221;]<\/p>\n<h2><span class=\"ez-toc-section\" id=\"Medigate\"><\/span>Medigate<span class=\"ez-toc-section-end\"><\/span><\/h2>\n<p>[\/et_pb_text][\/et_pb_column][\/et_pb_row][et_pb_row _builder_version=&#8221;4.16&#8243; custom_margin=&#8221;-2px|auto|56px|auto||&#8221; custom_padding=&#8221;0|0px|27px|0px&#8221; global_colors_info=&#8221;{}&#8221;][et_pb_column type=&#8221;4_4&#8243; _builder_version=&#8221;4.16&#8243; custom_padding=&#8221;|||&#8221; global_colors_info=&#8221;{}&#8221; custom_padding__hover=&#8221;|||&#8221;][et_pb_text admin_label=&#8221;Text&#8221; _builder_version=&#8221;4.27.0&#8243; text_font=&#8221;Montserrat|300|||||||&#8221; text_font_size=&#8221;18px&#8221; text_line_height=&#8221;1.1em&#8221; ul_font=&#8221;||||||||&#8221; header_font=&#8221;Montserrat|500|||||||&#8221; header_font_size=&#8221;4vw&#8221; header_line_height=&#8221;1.2em&#8221; text_orientation=&#8221;center&#8221; background_layout=&#8221;dark&#8221; module_alignment=&#8221;center&#8221; custom_margin=&#8221;-20px||40px||false|false&#8221; custom_margin_tablet=&#8221;&#8221; custom_margin_phone=&#8221;0px||||false|false&#8221; custom_margin_last_edited=&#8221;on|phone&#8221; hover_enabled=&#8221;0&#8243; text_font_size_tablet=&#8221;&#8221; text_font_size_phone=&#8221;16px&#8221; text_font_size_last_edited=&#8221;on|phone&#8221; text_line_height_tablet=&#8221;2em&#8221; text_line_height_phone=&#8221;2em&#8221; text_line_height_last_edited=&#8221;off|desktop&#8221; header_font_size_tablet=&#8221;40px&#8221; header_font_size_phone=&#8221;33px&#8221; header_font_size_last_edited=&#8221;on|tablet&#8221; header_line_height_tablet=&#8221;1.2em&#8221; header_line_height_phone=&#8221;1.2em&#8221; header_line_height_last_edited=&#8221;on|phone&#8221; header_text_shadow_style=&#8221;preset3&#8243; header_text_shadow_color=&#8221;rgba(0,0,0,0.06)&#8221; global_colors_info=&#8221;{}&#8221; sticky_enabled=&#8221;0&#8243;]<\/p>\n<h1><span class=\"ez-toc-section\" id=\"Aerztevermittlung_fuer_Deutschland\"><\/span>\u00c4rztevermittlung f\u00fcr Deutschland<span class=\"ez-toc-section-end\"><\/span><\/h1>\n<p>[\/et_pb_text][\/et_pb_column][\/et_pb_row][\/et_pb_section][et_pb_section fb_built=&#8221;1&#8243; custom_padding_last_edited=&#8221;on|phone&#8221; admin_label=&#8221;Services&#8221; _builder_version=&#8221;4.24.3&#8243; use_background_color_gradient=&#8221;on&#8221; background_color_gradient_stops=&#8221;#ffffff 0%|rgba(255,255,255,0.45) 100%&#8221; background_color_gradient_overlays_image=&#8221;on&#8221; background_image=&#8221;https:\/\/www.medigate.work\/wp-content\/uploads\/2023\/06\/stethoscope-ge87e737a0_1920-1.webp&#8221; background_enable_mask_style=&#8221;on&#8221; background_mask_style=&#8221;diagonal-bars&#8221; background_mask_transform=&#8221;flip_horizontal|flip_vertical&#8221; custom_padding=&#8221;80px|0px|80px|0px|true|false&#8221; custom_padding_tablet=&#8221;&#8221; custom_padding_phone=&#8221;0px|0px|30px|0px|false|false&#8221; global_colors_info=&#8221;{}&#8221;][et_pb_row _builder_version=&#8221;4.24.3&#8243; _module_preset=&#8221;default&#8221; module_alignment=&#8221;center&#8221; global_colors_info=&#8221;{}&#8221; custom_padding=&#8221;||82px|||&#8221;][et_pb_column type=&#8221;4_4&#8243; _builder_version=&#8221;4.21.0&#8243; _module_preset=&#8221;default&#8221; global_colors_info=&#8221;{}&#8221;][et_pb_text _builder_version=&#8221;4.27.0&#8243; _module_preset=&#8221;default&#8221; text_font=&#8221;Montserrat||||||||&#8221; text_font_size=&#8221;16px&#8221; text_line_height=&#8221;1.8em&#8221; header_3_font=&#8221;Montserrat|500|||||||&#8221; header_3_text_color=&#8221;#004C4F&#8221; header_3_font_size=&#8221;20px&#8221; header_3_letter_spacing=&#8221;1px&#8221; header_3_line_height=&#8221;1.6em&#8221; header_5_font=&#8221;Sonsie One|600|||||||&#8221; header_5_text_align=&#8221;center&#8221; header_5_text_color=&#8221;#008580&#8243; header_5_font_size=&#8221;40px&#8221; header_5_letter_spacing=&#8221;1px&#8221; header_5_line_height=&#8221;1.7em&#8221; hover_enabled=&#8221;0&#8243; header_3_font_size_tablet=&#8221;18px&#8221; header_3_font_size_phone=&#8221;16px&#8221; header_3_font_size_last_edited=&#8221;on|desktop&#8221; global_colors_info=&#8221;{}&#8221; sticky_enabled=&#8221;0&#8243;]<\/p>\n<p>\u00c4rztevermittlung f\u00fcr den deutschen Markt ist ein zentrales Thema im Gesundheitswesen, da die Verf\u00fcgbarkeit von qualifizierten \u00c4rzten einen direkten Einfluss auf die Versorgung der Patienten hat. Angesichts des demografischen Wandels und des steigenden Bedarfs an medizinischer Versorgung gewinnt die effiziente Rekrutierung und Platzierung von \u00c4rzten zunehmend an Bedeutung.<\/p>\n<p>Die von der <strong>medigate \u00e4rztevermittlung<\/strong> angebotene Vermittlung von \u00c4rzten umfasst eine Vielzahl von Aktivit\u00e4ten, darunter die Suche nach passenden Kandidaten, die \u00dcberpr\u00fcfung ihrer Qualifikationen und Erfahrungen, sowie die Unterst\u00fctzung bei der Integration in das deutsche Gesundheitssystem. Dabei spielen verschiedene Akteure eine Rolle, darunter Personalvermittlungsagenturen, Krankenh\u00e4user, medizinische Einrichtungen und auch staatliche Stellen.<\/p>\n<p>Eine der gr\u00f6\u00dften Herausforderungen bei der \u00c4rztevermittlung ist es, den Bedarf an Fachkr\u00e4ften mit den verf\u00fcgbaren Ressourcen in Einklang zu bringen. Deutschland hat eine hohe Nachfrage nach bestimmten Fachrichtungen wie beispielsweise Allgemeinmedizin, aber auch Engp\u00e4sse in anderen Bereichen wie der Pflege oder der Psychiatrie. Dies erfordert eine gezielte Rekrutierungsstrategie, die auf die spezifischen Bed\u00fcrfnisse des deutschen Gesundheitssystems zugeschnitten ist.\u00a0Internationale \u00c4rzte spielen eine wichtige Rolle bei der Deckung des \u00c4rztemangels in Deutschland. Die Vermittlung von \u00c4rzten aus dem Ausland erfordert jedoch eine sorgf\u00e4ltige Pr\u00fcfung der Qualifikationen und eine reibungslose Integration in das deutsche Gesundheitssystem. Sprachkenntnisse, kulturelle Anpassungsf\u00e4higkeit und die Anerkennung ausl\u00e4ndischer Abschl\u00fcsse sind wichtige Faktoren, die ber\u00fccksichtigt werden m\u00fcssen.<\/p>\n<p>Dar\u00fcber hinaus gewinnen auch digitale Plattformen und Technologien zunehmend an Bedeutung bei der \u00c4rztevermittlung. Online-Portale und Apps erm\u00f6glichen eine effiziente Zusammenf\u00fchrung von \u00c4rzten und Arbeitgebern sowie den Austausch relevanter Informationen in Echtzeit.<\/p>\n<p>[\/et_pb_text][et_pb_button button_url=&#8221;@ET-DC@eyJkeW5hbWljIjp0cnVlLCJjb250ZW50IjoicG9zdF9saW5rX3VybF9wYWdlIiwic2V0dGluZ3MiOnsicG9zdF9pZCI6IjIwMTYifX0=@&#8221; button_text=&#8221;Jetzt als Bewerber mit uns in Kontakt treten!&#8221; button_alignment=&#8221;center&#8221; _builder_version=&#8221;4.24.2&#8243; _dynamic_attributes=&#8221;button_url&#8221; _module_preset=&#8221;default&#8221; custom_button=&#8221;on&#8221; button_text_color=&#8221;#008580&#8243; button_use_icon=&#8221;off&#8221; custom_margin=&#8221;2px||||false|false&#8221; custom_padding=&#8221;10px|36px|10px|36px|true|true&#8221; global_colors_info=&#8221;{}&#8221;][\/et_pb_button][\/et_pb_column][\/et_pb_row][et_pb_row _builder_version=&#8221;4.24.3&#8243; _module_preset=&#8221;default&#8221; module_alignment=&#8221;center&#8221; global_colors_info=&#8221;{}&#8221;][et_pb_column type=&#8221;4_4&#8243; _builder_version=&#8221;4.21.0&#8243; _module_preset=&#8221;default&#8221; global_colors_info=&#8221;{}&#8221;][et_pb_text _builder_version=&#8221;4.27.0&#8243; text_font=&#8221;|300|||||||&#8221; text_font_size=&#8221;16px&#8221; text_line_height=&#8221;1.8em&#8221; header_font=&#8221;||||||||&#8221; header_2_font=&#8221;Montserrat|300|||||||&#8221; header_2_text_color=&#8221;#008580&#8243; header_2_font_size=&#8221;45px&#8221; header_2_letter_spacing=&#8221;1px&#8221; header_2_line_height=&#8221;1.4em&#8221; header_3_font=&#8221;Montserrat|300|||||||&#8221; header_3_font_size=&#8221;30px&#8221; text_orientation=&#8221;center&#8221; custom_margin=&#8221;|||&#8221; custom_margin_tablet=&#8221;0px|50px||50px&#8221; custom_margin_last_edited=&#8221;off|desktop&#8221; custom_padding=&#8221;|||&#8221; hover_enabled=&#8221;0&#8243; header_2_font_size_tablet=&#8221;&#8221; header_2_font_size_phone=&#8221;30px&#8221; header_2_font_size_last_edited=&#8221;on|phone&#8221; locked=&#8221;off&#8221; global_colors_info=&#8221;{}&#8221; sticky_enabled=&#8221;0&#8243;]<\/p>\n<h2><span class=\"ez-toc-section\" id=\"Was_wir_Bewerbern_anbieten\"><\/span>Was wir Bewerbern anbieten<span class=\"ez-toc-section-end\"><\/span><\/h2>\n<p>[\/et_pb_text][et_pb_text _builder_version=&#8221;4.27.0&#8243; _module_preset=&#8221;default&#8221; text_font=&#8221;Montserrat||||||||&#8221; text_font_size=&#8221;16px&#8221; text_line_height=&#8221;1.8em&#8221; header_3_font=&#8221;Montserrat|500|||||||&#8221; header_3_text_color=&#8221;#004C4F&#8221; header_3_font_size=&#8221;20px&#8221; header_3_letter_spacing=&#8221;1px&#8221; header_3_line_height=&#8221;1.6em&#8221; header_5_font=&#8221;Sonsie One|600|||||||&#8221; header_5_text_align=&#8221;center&#8221; header_5_text_color=&#8221;#008580&#8243; header_5_font_size=&#8221;40px&#8221; header_5_letter_spacing=&#8221;1px&#8221; header_5_line_height=&#8221;1.7em&#8221; hover_enabled=&#8221;0&#8243; header_3_font_size_tablet=&#8221;18px&#8221; header_3_font_size_phone=&#8221;16px&#8221; header_3_font_size_last_edited=&#8221;on|desktop&#8221; global_colors_info=&#8221;{}&#8221; sticky_enabled=&#8221;0&#8243;]<\/p>\n<p>Eine auf medizinische Positionen spezialisierte Personalvermittlung wie die unsere bietet eine Vielzahl von Dienstleistungen an, die darauf abzielen, den Bewerbungsprozess zu erleichtern und die Integration in den deutschen Arbeitsmarkt zu unterst\u00fctzen. Zu den Leistungen z\u00e4hlen zun\u00e4chst die Identifizierung passender Stellenangebote bei useren Partnern, die den Qualifikationen und Pr\u00e4ferenzen des Bewerbers entsprechen. Die <strong>medigate \u00e4rztevermittlung<\/strong> verf\u00fcgt \u00fcber ein breites Netzwerk an Arbeitgebern und k\u00f6nnen somit gezielt auf die Bed\u00fcrfnisse der Bewerber eingehen.<\/p>\n<p>Des Weiteren bieten wir Unterst\u00fctzung bei der Erstellung von Bewerbungsunterlagen, einschlie\u00dflich Lebenslauf und Anschreiben. Sie k\u00f6nnen wertvolle Tipps und Ratschl\u00e4ge geben, um die Bewerbungschancen zu verbessern und sich erfolgreich zu pr\u00e4sentieren. Ein wichtiger Aspekt ist auch die Vorbereitung auf Vorstellungsgespr\u00e4che. Personalvermittlungen bieten oft Coaching und Training an, um Bewerber optimal auf Gespr\u00e4che mit potenziellen Arbeitgebern vorzubereiten. Dies umfasst nicht nur die inhaltliche Vorbereitung, sondern auch das \u00dcben von Kommunikations- und Pr\u00e4sentationsf\u00e4higkeiten. Hierauf legen auch wir gr\u00f6\u00dften Wert.<\/p>\n<p>Dar\u00fcber hinaus unterst\u00fctzen wir bei typischen administrativen Aufgaben im Zusammenhang mit der Arbeitsaufnahme, wie beispielsweise der Beantragung von Arbeitsgenehmigungen oder der Kl\u00e4rung von Versicherungsfragen. Insgesamt bietet die <strong>medigate \u00e4rztevermittlung<\/strong> f\u00fcr Bewerber einen umfassenden Service, der dazu beitr\u00e4gt, den Bewerbungsprozess effizienter und erfolgreicher zu gestalten und die Integration in den deutschen Arbeitsmarkt zu erleichtern.<\/p>\n<p>[\/et_pb_text][\/et_pb_column][\/et_pb_row][\/et_pb_section]<\/p>\n<div id=\"ez-toc-container\" class=\"ez-toc-v2_0_82_2 counter-hierarchy ez-toc-counter ez-toc-grey ez-toc-container-direction\">\n<div class=\"ez-toc-title-container\">\n<p class=\"ez-toc-title\" style=\"cursor:inherit\">Table of Contents<\/p>\n<span class=\"ez-toc-title-toggle\"><a href=\"#\" class=\"ez-toc-pull-right ez-toc-btn ez-toc-btn-xs ez-toc-btn-default ez-toc-toggle\" aria-label=\"Toggle Table of Content\"><span class=\"ez-toc-js-icon-con\"><span class=\"\"><span class=\"eztoc-hide\" style=\"display:none;\">Toggle<\/span><span class=\"ez-toc-icon-toggle-span\"><svg style=\"fill: #999;color:#999\" xmlns=\"http:\/\/www.w3.org\/2000\/svg\" class=\"list-377408\" width=\"20px\" height=\"20px\" viewBox=\"0 0 24 24\" fill=\"none\"><path d=\"M6 6H4v2h2V6zm14 0H8v2h12V6zM4 11h2v2H4v-2zm16 0H8v2h12v-2zM4 16h2v2H4v-2zm16 0H8v2h12v-2z\" fill=\"currentColor\"><\/path><\/svg><svg style=\"fill: #999;color:#999\" class=\"arrow-unsorted-368013\" xmlns=\"http:\/\/www.w3.org\/2000\/svg\" width=\"10px\" height=\"10px\" viewBox=\"0 0 24 24\" version=\"1.2\" baseProfile=\"tiny\"><path d=\"M18.2 9.3l-6.2-6.3-6.2 6.3c-.2.2-.3.4-.3.7s.1.5.3.7c.2.2.4.3.7.3h11c.3 0 .5-.1.7-.3.2-.2.3-.5.3-.7s-.1-.5-.3-.7zM5.8 14.7l6.2 6.3 6.2-6.3c.2-.2.3-.5.3-.7s-.1-.5-.3-.7c-.2-.2-.4-.3-.7-.3h-11c-.3 0-.5.1-.7.3-.2.2-.3.5-.3.7s.1.5.3.7z\"\/><\/svg><\/span><\/span><\/span><\/a><\/span><\/div>\n<nav><ul class='ez-toc-list ez-toc-list-level-1 eztoc-toggle-hide-by-default' ><ul class='ez-toc-list-level-2' ><li class='ez-toc-heading-level-2'><a class=\"ez-toc-link ez-toc-heading-1\" href=\"https:\/\/www.medigate.work\/de\/ueber-uns\/aerztevermittlung-fuer-deutschland\/#Medigate\" >Medigate<\/a><\/li><\/ul><\/li><li class='ez-toc-page-1 ez-toc-heading-level-1'><a class=\"ez-toc-link ez-toc-heading-2\" href=\"https:\/\/www.medigate.work\/de\/ueber-uns\/aerztevermittlung-fuer-deutschland\/#Aerztevermittlung_fuer_Deutschland\" >\u00c4rztevermittlung f\u00fcr Deutschland<\/a><ul class='ez-toc-list-level-2' ><li class='ez-toc-heading-level-2'><a class=\"ez-toc-link ez-toc-heading-3\" href=\"https:\/\/www.medigate.work\/de\/ueber-uns\/aerztevermittlung-fuer-deutschland\/#Was_wir_Bewerbern_anbieten\" >Was wir Bewerbern anbieten<\/a><\/li><\/ul><\/li><\/ul><\/nav><\/div>\n","protected":false},"excerpt":{"rendered":"<p>Medigate\u00c4rztevermittlung f\u00fcr Deutschland\u00c4rztevermittlung f\u00fcr den deutschen Markt ist ein zentrales Thema im Gesundheitswesen, da die Verf\u00fcgbarkeit von qualifizierten \u00c4rzten einen direkten Einfluss auf die Versorgung der Patienten hat. Angesichts des demografischen Wandels und des steigenden Bedarfs an medizinischer Versorgung gewinnt die effiziente Rekrutierung und Platzierung von \u00c4rzten zunehmend an Bedeutung. Die von der medigate \u00e4rztevermittlung [&hellip;]<\/p>\n","protected":false},"author":1,"featured_media":0,"parent":1507,"menu_order":0,"comment_status":"closed","ping_status":"closed","template":"","meta":{"_acf_changed":false,"_et_pb_use_builder":"on","_et_pb_old_content":"","_et_gb_content_width":"","footnotes":""},"page_layout_group":[],"class_list":["post-6901","page","type-page","status-publish","hentry"],"acf":[],"yoast_head":"<!-- This site is optimized with the Yoast SEO plugin v27.5 - https:\/\/yoast.com\/product\/yoast-seo-wordpress\/ -->\n<title>\u00c4rztevermittlung f\u00fcr Deutschland - medigate \u00e4rztevermittlung<\/title>\n<meta name=\"robots\" content=\"index, follow, max-snippet:-1, max-image-preview:large, max-video-preview:-1\" \/>\n<link rel=\"canonical\" href=\"https:\/\/www.medigate.work\/de\/ueber-uns\/aerztevermittlung-fuer-deutschland\/\" \/>\n<meta property=\"og:locale\" content=\"de_DE\" \/>\n<meta property=\"og:type\" content=\"article\" \/>\n<meta property=\"og:title\" content=\"\u00c4rztevermittlung f\u00fcr Deutschland - medigate \u00e4rztevermittlung\" \/>\n<meta property=\"og:description\" content=\"Medigate\u00c4rztevermittlung f\u00fcr Deutschland\u00c4rztevermittlung f\u00fcr den deutschen Markt ist ein zentrales Thema im Gesundheitswesen, da die Verf\u00fcgbarkeit von qualifizierten \u00c4rzten einen direkten Einfluss auf die Versorgung der Patienten hat. Angesichts des demografischen Wandels und des steigenden Bedarfs an medizinischer Versorgung gewinnt die effiziente Rekrutierung und Platzierung von \u00c4rzten zunehmend an Bedeutung. Die von der medigate \u00e4rztevermittlung [&hellip;]\" \/>\n<meta property=\"og:url\" content=\"https:\/\/www.medigate.work\/de\/ueber-uns\/aerztevermittlung-fuer-deutschland\/\" \/>\n<meta property=\"og:site_name\" content=\"medigate \u00e4rztevermittlung\" \/>\n<meta property=\"article:modified_time\" content=\"2025-10-17T12:51:24+00:00\" \/>\n<meta property=\"og:image\" content=\"https:\/\/www.medigate.work\/wp-content\/uploads\/2023\/06\/medigate-work-uni-1200x630px.webp\" \/>\n\t<meta property=\"og:image:width\" content=\"1200\" \/>\n\t<meta property=\"og:image:height\" content=\"630\" \/>\n\t<meta property=\"og:image:type\" content=\"image\/webp\" \/>\n<meta name=\"twitter:card\" content=\"summary_large_image\" \/>\n<meta name=\"twitter:label1\" content=\"Gesch\u00e4tzte Lesezeit\" \/>\n\t<meta name=\"twitter:data1\" content=\"3\u00a0Minuten\" \/>\n<!-- \/ Yoast SEO plugin. -->","yoast_head_json":{"title":"\u00c4rztevermittlung f\u00fcr Deutschland - medigate \u00e4rztevermittlung","robots":{"index":"index","follow":"follow","max-snippet":"max-snippet:-1","max-image-preview":"max-image-preview:large","max-video-preview":"max-video-preview:-1"},"canonical":"https:\/\/www.medigate.work\/de\/ueber-uns\/aerztevermittlung-fuer-deutschland\/","og_locale":"de_DE","og_type":"article","og_title":"\u00c4rztevermittlung f\u00fcr Deutschland - medigate \u00e4rztevermittlung","og_description":"Medigate\u00c4rztevermittlung f\u00fcr Deutschland\u00c4rztevermittlung f\u00fcr den deutschen Markt ist ein zentrales Thema im Gesundheitswesen, da die Verf\u00fcgbarkeit von qualifizierten \u00c4rzten einen direkten Einfluss auf die Versorgung der Patienten hat. Angesichts des demografischen Wandels und des steigenden Bedarfs an medizinischer Versorgung gewinnt die effiziente Rekrutierung und Platzierung von \u00c4rzten zunehmend an Bedeutung. Die von der medigate \u00e4rztevermittlung [&hellip;]","og_url":"https:\/\/www.medigate.work\/de\/ueber-uns\/aerztevermittlung-fuer-deutschland\/","og_site_name":"medigate \u00e4rztevermittlung","article_modified_time":"2025-10-17T12:51:24+00:00","og_image":[{"width":1200,"height":630,"url":"https:\/\/www.medigate.work\/wp-content\/uploads\/2023\/06\/medigate-work-uni-1200x630px.webp","type":"image\/webp"}],"twitter_card":"summary_large_image","twitter_misc":{"Gesch\u00e4tzte Lesezeit":"3\u00a0Minuten"},"schema":{"@context":"https:\/\/schema.org","@graph":[{"@type":"WebPage","@id":"https:\/\/www.medigate.work\/de\/ueber-uns\/aerztevermittlung-fuer-deutschland\/","url":"https:\/\/www.medigate.work\/de\/ueber-uns\/aerztevermittlung-fuer-deutschland\/","name":"\u00c4rztevermittlung f\u00fcr Deutschland - medigate \u00e4rztevermittlung","isPartOf":{"@id":"https:\/\/www.medigate.work\/de\/#website"},"datePublished":"2024-03-29T12:38:59+00:00","dateModified":"2025-10-17T12:51:24+00:00","breadcrumb":{"@id":"https:\/\/www.medigate.work\/de\/ueber-uns\/aerztevermittlung-fuer-deutschland\/#breadcrumb"},"inLanguage":"de","potentialAction":[{"@type":"ReadAction","target":["https:\/\/www.medigate.work\/de\/ueber-uns\/aerztevermittlung-fuer-deutschland\/"]}]},{"@type":"BreadcrumbList","@id":"https:\/\/www.medigate.work\/de\/ueber-uns\/aerztevermittlung-fuer-deutschland\/#breadcrumb","itemListElement":[{"@type":"ListItem","position":1,"name":"Startseite","item":"https:\/\/www.medigate.work\/de\/"},{"@type":"ListItem","position":2,"name":"\u00dcber uns","item":"https:\/\/www.medigate.work\/de\/ueber-uns\/"},{"@type":"ListItem","position":3,"name":"\u00c4rztevermittlung f\u00fcr Deutschland"}]},{"@type":"WebSite","@id":"https:\/\/www.medigate.work\/de\/#website","url":"https:\/\/www.medigate.work\/de\/","name":"medigate \u00e4rztevermittlung","description":"Wir verbinden \u00c4rzte mit Top-Arbeitgebern in Deutschland","publisher":{"@id":"https:\/\/www.medigate.work\/de\/#organization"},"potentialAction":[{"@type":"SearchAction","target":{"@type":"EntryPoint","urlTemplate":"https:\/\/www.medigate.work\/de\/?s={search_term_string}"},"query-input":{"@type":"PropertyValueSpecification","valueRequired":true,"valueName":"search_term_string"}}],"inLanguage":"de"},{"@type":"Organization","@id":"https:\/\/www.medigate.work\/de\/#organization","name":"medigate \u00e4rztevermittlung","alternateName":"medigate.work","url":"https:\/\/www.medigate.work\/de\/","logo":{"@type":"ImageObject","inLanguage":"de","@id":"https:\/\/www.medigate.work\/de\/#\/schema\/logo\/image\/","url":"https:\/\/www.medigate.work\/wp-content\/uploads\/2023\/06\/logo1-A.webp","contentUrl":"https:\/\/www.medigate.work\/wp-content\/uploads\/2023\/06\/logo1-A.webp","width":324,"height":109,"caption":"medigate \u00e4rztevermittlung"},"image":{"@id":"https:\/\/www.medigate.work\/de\/#\/schema\/logo\/image\/"},"sameAs":["https:\/\/www.linkedin.com\/company\/medigate-aerztevermittlung\/"]}]}},"_links":{"self":[{"href":"https:\/\/www.medigate.work\/de\/wp-json\/wp\/v2\/pages\/6901","targetHints":{"allow":["GET"]}}],"collection":[{"href":"https:\/\/www.medigate.work\/de\/wp-json\/wp\/v2\/pages"}],"about":[{"href":"https:\/\/www.medigate.work\/de\/wp-json\/wp\/v2\/types\/page"}],"author":[{"embeddable":true,"href":"https:\/\/www.medigate.work\/de\/wp-json\/wp\/v2\/users\/1"}],"replies":[{"embeddable":true,"href":"https:\/\/www.medigate.work\/de\/wp-json\/wp\/v2\/comments?post=6901"}],"version-history":[{"count":0,"href":"https:\/\/www.medigate.work\/de\/wp-json\/wp\/v2\/pages\/6901\/revisions"}],"up":[{"embeddable":true,"href":"https:\/\/www.medigate.work\/de\/wp-json\/wp\/v2\/pages\/1507"}],"wp:attachment":[{"href":"https:\/\/www.medigate.work\/de\/wp-json\/wp\/v2\/media?parent=6901"}],"wp:term":[{"taxonomy":"page_layout_group","embeddable":true,"href":"https:\/\/www.medigate.work\/de\/wp-json\/wp\/v2\/page_layout_group?post=6901"}],"curies":[{"name":"wp","href":"https:\/\/api.w.org\/{rel}","templated":true}]}}